{"id":2768,"date":"2024-03-06T12:32:57","date_gmt":"2024-03-06T12:32:57","guid":{"rendered":"https:\/\/ralliementdesfourchettes.be\/benevolat\/"},"modified":"2024-03-08T11:20:39","modified_gmt":"2024-03-08T11:20:39","slug":"vrijwilligerswerk","status":"publish","type":"page","link":"https:\/\/ralliementdesfourchettes.be\/nl\/vrijwilligerswerk\/","title":{"rendered":"Vrijwilligerswerk"},"content":{"rendered":"<style>.kb-row-layout-id2691_77eac6-c7 > .kt-row-column-wrap{align-content:start;}:where(.kb-row-layout-id2691_77eac6-c7 > .kt-row-column-wrap) > .wp-block-kadence-column{justify-content:start;}.kb-row-layout-id2691_77eac6-c7 > .kt-row-column-wrap{column-gap:var(--global-kb-gap-md, 2rem);row-gap:var(--global-kb-gap-md, 2rem);padding-top:var(--global-kb-spacing-sm, 1.5rem);padding-bottom:var(--global-kb-spacing-sm, 1.5rem);grid-template-columns:minmax(0, 1fr);}.kb-row-layout-id2691_77eac6-c7 > .kt-row-layout-overlay{opacity:0.30;}@media all and (max-width: 1024px){.kb-row-layout-id2691_77eac6-c7 > .kt-row-column-wrap{grid-template-columns:minmax(0, 1fr);}}@media all and (max-width: 767px){.kb-row-layout-id2691_77eac6-c7 > .kt-row-column-wrap{grid-template-columns:minmax(0, 1fr);}}<\/style><div class=\"kb-row-layout-wrap kb-row-layout-id2691_77eac6-c7 alignfull wp-block-kadence-rowlayout\"><div class=\"kt-row-column-wrap kt-has-1-columns kt-row-layout-equal kt-tab-layout-inherit kt-mobile-layout-row kt-row-valign-top\">\n<style>.kadence-column2691_70b327-28 > .kt-inside-inner-col,.kadence-column2691_70b327-28 > .kt-inside-inner-col:before{border-top-left-radius:0px;border-top-right-radius:0px;border-bottom-right-radius:0px;border-bottom-left-radius:0px;}.kadence-column2691_70b327-28 > .kt-inside-inner-col{column-gap:var(--global-kb-gap-sm, 1rem);}.kadence-column2691_70b327-28 > .kt-inside-inner-col{flex-direction:column;}.kadence-column2691_70b327-28 > .kt-inside-inner-col > .aligncenter{width:100%;}.kadence-column2691_70b327-28 > .kt-inside-inner-col:before{opacity:0.3;}.kadence-column2691_70b327-28{position:relative;}@media all and (max-width: 1024px){.kadence-column2691_70b327-28 > .kt-inside-inner-col{flex-direction:column;justify-content:center;}}@media all and (max-width: 767px){.kadence-column2691_70b327-28 > .kt-inside-inner-col{flex-direction:column;justify-content:center;}}<\/style>\n<div class=\"wp-block-kadence-column kadence-column2691_70b327-28\"><div class=\"kt-inside-inner-col\"><style>.kb-row-layout-id2691_95eb78-83 > .kt-row-column-wrap{align-content:start;}:where(.kb-row-layout-id2691_95eb78-83 > .kt-row-column-wrap) > .wp-block-kadence-column{justify-content:start;}.kb-row-layout-id2691_95eb78-83 > .kt-row-column-wrap{column-gap:var(--global-kb-gap-md, 2rem);row-gap:var(--global-kb-gap-md, 2rem);max-width:800px;margin-left:auto;margin-right:auto;padding-top:var(--global-kb-spacing-sm, 1.5rem);padding-bottom:var(--global-kb-spacing-sm, 1.5rem);grid-template-columns:minmax(0, 1fr);}.kb-row-layout-id2691_95eb78-83 > .kt-row-layout-overlay{opacity:0.30;}@media all and (max-width: 1024px){.kb-row-layout-id2691_95eb78-83 > .kt-row-column-wrap{grid-template-columns:minmax(0, 1fr);}}@media all and (max-width: 767px){.kb-row-layout-id2691_95eb78-83 > .kt-row-column-wrap{grid-template-columns:minmax(0, 1fr);}}<\/style><div class=\"kb-row-layout-wrap kb-row-layout-id2691_95eb78-83 alignnone wp-block-kadence-rowlayout\"><div class=\"kt-row-column-wrap kt-has-1-columns kt-row-layout-equal kt-tab-layout-inherit kt-mobile-layout-row kt-row-valign-top\">\n<style>.kadence-column2691_706cc9-65 > .kt-inside-inner-col,.kadence-column2691_706cc9-65 > .kt-inside-inner-col:before{border-top-left-radius:0px;border-top-right-radius:0px;border-bottom-right-radius:0px;border-bottom-left-radius:0px;}.kadence-column2691_706cc9-65 > .kt-inside-inner-col{column-gap:var(--global-kb-gap-sm, 1rem);}.kadence-column2691_706cc9-65 > .kt-inside-inner-col{flex-direction:column;}.kadence-column2691_706cc9-65 > .kt-inside-inner-col > .aligncenter{width:100%;}.kadence-column2691_706cc9-65 > .kt-inside-inner-col:before{opacity:0.3;}.kadence-column2691_706cc9-65{position:relative;}@media all and (max-width: 1024px){.kadence-column2691_706cc9-65 > .kt-inside-inner-col{flex-direction:column;justify-content:center;}}@media all and (max-width: 767px){.kadence-column2691_706cc9-65 > .kt-inside-inner-col{flex-direction:column;justify-content:center;}}<\/style>\n<div class=\"wp-block-kadence-column kadence-column2691_706cc9-65\"><div class=\"kt-inside-inner-col\"><style>.wp-block-kadence-advancedheading.kt-adv-heading2691_dc6b0b-d2, .wp-block-kadence-advancedheading.kt-adv-heading2691_dc6b0b-d2[data-kb-block=\"kb-adv-heading2691_dc6b0b-d2\"]{font-size:var(--global-kb-font-size-lg, 2rem);font-style:normal;}.wp-block-kadence-advancedheading.kt-adv-heading2691_dc6b0b-d2 mark.kt-highlight, .wp-block-kadence-advancedheading.kt-adv-heading2691_dc6b0b-d2[data-kb-block=\"kb-adv-heading2691_dc6b0b-d2\"] mark.kt-highlight{font-style:normal;color:#f76a0c;-webkit-box-decoration-break:clone;box-decoration-break:clone;padding-top:0px;padding-right:0px;padding-bottom:0px;padding-left:0px;}.wp-block-kadence-advancedheading.kt-adv-heading2691_dc6b0b-d2 img.kb-inline-image, .wp-block-kadence-advancedheading.kt-adv-heading2691_dc6b0b-d2[data-kb-block=\"kb-adv-heading2691_dc6b0b-d2\"] img.kb-inline-image{width:150px;vertical-align:baseline;}<\/style>\n<h2 class=\"kt-adv-heading2691_dc6b0b-d2 wp-block-kadence-advancedheading has-theme-palette-2-color has-text-color\" data-kb-block=\"kb-adv-heading2691_dc6b0b-d2\">B\u00e9n\u00e9volat<\/h2>\n\n\n<style>.wp-block-kadence-advancedheading.kt-adv-heading2691_41a5a4-bf, .wp-block-kadence-advancedheading.kt-adv-heading2691_41a5a4-bf[data-kb-block=\"kb-adv-heading2691_41a5a4-bf\"]{font-style:normal;}.wp-block-kadence-advancedheading.kt-adv-heading2691_41a5a4-bf mark.kt-highlight, .wp-block-kadence-advancedheading.kt-adv-heading2691_41a5a4-bf[data-kb-block=\"kb-adv-heading2691_41a5a4-bf\"] mark.kt-highlight{font-style:normal;color:#f76a0c;-webkit-box-decoration-break:clone;box-decoration-break:clone;padding-top:0px;padding-right:0px;padding-bottom:0px;padding-left:0px;}.wp-block-kadence-advancedheading.kt-adv-heading2691_41a5a4-bf img.kb-inline-image, .wp-block-kadence-advancedheading.kt-adv-heading2691_41a5a4-bf[data-kb-block=\"kb-adv-heading2691_41a5a4-bf\"] img.kb-inline-image{width:150px;vertical-align:baseline;}<\/style>\n<p class=\"kt-adv-heading2691_41a5a4-bf wp-block-kadence-advancedheading\" data-kb-block=\"kb-adv-heading2691_41a5a4-bf\">Vous souhaitez t&#8217;investir dans un projet porteur de sens ? Toutes les mani\u00e8res sont bonnes ! Que ce soit pour cuisiner, aller chercher les r\u00e9cup&#8217;, participer aux distributions mais aussi donner un coup de main en communication ou encore en animation.<\/p>\n<\/div><\/div>\n\n<\/div><\/div><\/div><\/div>\n\n<\/div><\/div>","protected":false},"excerpt":{"rendered":"<p>B\u00e9n\u00e9volat Vous souhaitez t&#8217;investir dans un projet porteur de sens ? Toutes les mani\u00e8res sont bonnes ! Que ce soit pour cuisiner, aller chercher les r\u00e9cup&#8217;, participer aux distributions mais&#8230;<\/p>\n","protected":false},"author":1,"featured_media":0,"parent":0,"menu_order":0,"comment_status":"closed","ping_status":"closed","template":"","meta":{"_acf_changed":false,"_kad_blocks_custom_css":"","_kad_blocks_head_custom_js":"","_kad_blocks_body_custom_js":"","_kad_blocks_footer_custom_js":"","_kad_post_transparent":"","_kad_post_title":"","_kad_post_layout":"","_kad_post_sidebar_id":"","_kad_post_content_style":"","_kad_post_vertical_padding":"","_kad_post_feature":"","_kad_post_feature_position":"","_kad_post_header":false,"_kad_post_footer":false,"_kad_post_classname":"","footnotes":""},"class_list":["post-2768","page","type-page","status-publish","hentry"],"acf":[],"yoast_head":"<!-- This site is optimized with the Yoast SEO plugin v27.5 - https:\/\/yoast.com\/product\/yoast-seo-wordpress\/ -->\n<title>Vrijwilligerswerk - Le Ralliement des fourchettes<\/title>\n<meta name=\"robots\" content=\"index, follow, max-snippet:-1, max-image-preview:large, max-video-preview:-1\" \/>\n<link rel=\"canonical\" href=\"https:\/\/ralliementdesfourchettes.be\/nl\/vrijwilligerswerk\/\" \/>\n<meta property=\"og:locale\" content=\"nl_NL\" \/>\n<meta property=\"og:type\" content=\"article\" \/>\n<meta property=\"og:title\" content=\"Vrijwilligerswerk - Le Ralliement des fourchettes\" \/>\n<meta property=\"og:description\" content=\"B\u00e9n\u00e9volat Vous souhaitez t&#8217;investir dans un projet porteur de sens ? Toutes les mani\u00e8res sont bonnes ! Que ce soit pour cuisiner, aller chercher les r\u00e9cup&#8217;, participer aux distributions mais...\" \/>\n<meta property=\"og:url\" content=\"https:\/\/ralliementdesfourchettes.be\/nl\/vrijwilligerswerk\/\" \/>\n<meta property=\"og:site_name\" content=\"Le Ralliement des fourchettes\" \/>\n<meta property=\"article:modified_time\" content=\"2024-03-08T11:20:39+00:00\" \/>\n<meta name=\"twitter:card\" content=\"summary_large_image\" \/>\n<script type=\"application\/ld+json\" class=\"yoast-schema-graph\">{\"@context\":\"https:\\\/\\\/schema.org\",\"@graph\":[{\"@type\":\"WebPage\",\"@id\":\"https:\\\/\\\/ralliementdesfourchettes.be\\\/nl\\\/vrijwilligerswerk\\\/\",\"url\":\"https:\\\/\\\/ralliementdesfourchettes.be\\\/nl\\\/vrijwilligerswerk\\\/\",\"name\":\"Vrijwilligerswerk - Le Ralliement des fourchettes\",\"isPartOf\":{\"@id\":\"https:\\\/\\\/ralliementdesfourchettes.be\\\/nl\\\/#website\"},\"datePublished\":\"2024-03-06T12:32:57+00:00\",\"dateModified\":\"2024-03-08T11:20:39+00:00\",\"breadcrumb\":{\"@id\":\"https:\\\/\\\/ralliementdesfourchettes.be\\\/nl\\\/vrijwilligerswerk\\\/#breadcrumb\"},\"inLanguage\":\"nl-NL\",\"potentialAction\":[{\"@type\":\"ReadAction\",\"target\":[\"https:\\\/\\\/ralliementdesfourchettes.be\\\/nl\\\/vrijwilligerswerk\\\/\"]}]},{\"@type\":\"BreadcrumbList\",\"@id\":\"https:\\\/\\\/ralliementdesfourchettes.be\\\/nl\\\/vrijwilligerswerk\\\/#breadcrumb\",\"itemListElement\":[{\"@type\":\"ListItem\",\"position\":1,\"name\":\"Accueil\",\"item\":\"https:\\\/\\\/ralliementdesfourchettes.be\\\/nl\\\/\"},{\"@type\":\"ListItem\",\"position\":2,\"name\":\"Vrijwilligerswerk\"}]},{\"@type\":\"WebSite\",\"@id\":\"https:\\\/\\\/ralliementdesfourchettes.be\\\/nl\\\/#website\",\"url\":\"https:\\\/\\\/ralliementdesfourchettes.be\\\/nl\\\/\",\"name\":\"Le Ralliement des fourchettes\",\"description\":\"R\u00e9seau de restaurants sociaux\",\"publisher\":{\"@id\":\"https:\\\/\\\/ralliementdesfourchettes.be\\\/nl\\\/#organization\"},\"potentialAction\":[{\"@type\":\"SearchAction\",\"target\":{\"@type\":\"EntryPoint\",\"urlTemplate\":\"https:\\\/\\\/ralliementdesfourchettes.be\\\/nl\\\/?s={search_term_string}\"},\"query-input\":{\"@type\":\"PropertyValueSpecification\",\"valueRequired\":true,\"valueName\":\"search_term_string\"}}],\"inLanguage\":\"nl-NL\"},{\"@type\":\"Organization\",\"@id\":\"https:\\\/\\\/ralliementdesfourchettes.be\\\/nl\\\/#organization\",\"name\":\"Le Ralliement des fourchettes\",\"url\":\"https:\\\/\\\/ralliementdesfourchettes.be\\\/nl\\\/\",\"logo\":{\"@type\":\"ImageObject\",\"inLanguage\":\"nl-NL\",\"@id\":\"https:\\\/\\\/ralliementdesfourchettes.be\\\/nl\\\/#\\\/schema\\\/logo\\\/image\\\/\",\"url\":\"https:\\\/\\\/ralliementdesfourchettes.be\\\/wp-content\\\/uploads\\\/2024\\\/03\\\/RAFOU_LOGO_BLANC_NL_RVB-2.png\",\"contentUrl\":\"https:\\\/\\\/ralliementdesfourchettes.be\\\/wp-content\\\/uploads\\\/2024\\\/03\\\/RAFOU_LOGO_BLANC_NL_RVB-2.png\",\"width\":901,\"height\":898,\"caption\":\"Le Ralliement des fourchettes\"},\"image\":{\"@id\":\"https:\\\/\\\/ralliementdesfourchettes.be\\\/nl\\\/#\\\/schema\\\/logo\\\/image\\\/\"}}]}<\/script>\n<!-- \/ Yoast SEO plugin. -->","yoast_head_json":{"title":"Vrijwilligerswerk - Le Ralliement des fourchettes","robots":{"index":"index","follow":"follow","max-snippet":"max-snippet:-1","max-image-preview":"max-image-preview:large","max-video-preview":"max-video-preview:-1"},"canonical":"https:\/\/ralliementdesfourchettes.be\/nl\/vrijwilligerswerk\/","og_locale":"nl_NL","og_type":"article","og_title":"Vrijwilligerswerk - Le Ralliement des fourchettes","og_description":"B\u00e9n\u00e9volat Vous souhaitez t&#8217;investir dans un projet porteur de sens ? Toutes les mani\u00e8res sont bonnes ! Que ce soit pour cuisiner, aller chercher les r\u00e9cup&#8217;, participer aux distributions mais...","og_url":"https:\/\/ralliementdesfourchettes.be\/nl\/vrijwilligerswerk\/","og_site_name":"Le Ralliement des fourchettes","article_modified_time":"2024-03-08T11:20:39+00:00","twitter_card":"summary_large_image","schema":{"@context":"https:\/\/schema.org","@graph":[{"@type":"WebPage","@id":"https:\/\/ralliementdesfourchettes.be\/nl\/vrijwilligerswerk\/","url":"https:\/\/ralliementdesfourchettes.be\/nl\/vrijwilligerswerk\/","name":"Vrijwilligerswerk - Le Ralliement des fourchettes","isPartOf":{"@id":"https:\/\/ralliementdesfourchettes.be\/nl\/#website"},"datePublished":"2024-03-06T12:32:57+00:00","dateModified":"2024-03-08T11:20:39+00:00","breadcrumb":{"@id":"https:\/\/ralliementdesfourchettes.be\/nl\/vrijwilligerswerk\/#breadcrumb"},"inLanguage":"nl-NL","potentialAction":[{"@type":"ReadAction","target":["https:\/\/ralliementdesfourchettes.be\/nl\/vrijwilligerswerk\/"]}]},{"@type":"BreadcrumbList","@id":"https:\/\/ralliementdesfourchettes.be\/nl\/vrijwilligerswerk\/#breadcrumb","itemListElement":[{"@type":"ListItem","position":1,"name":"Accueil","item":"https:\/\/ralliementdesfourchettes.be\/nl\/"},{"@type":"ListItem","position":2,"name":"Vrijwilligerswerk"}]},{"@type":"WebSite","@id":"https:\/\/ralliementdesfourchettes.be\/nl\/#website","url":"https:\/\/ralliementdesfourchettes.be\/nl\/","name":"Le Ralliement des fourchettes","description":"R\u00e9seau de restaurants sociaux","publisher":{"@id":"https:\/\/ralliementdesfourchettes.be\/nl\/#organization"},"potentialAction":[{"@type":"SearchAction","target":{"@type":"EntryPoint","urlTemplate":"https:\/\/ralliementdesfourchettes.be\/nl\/?s={search_term_string}"},"query-input":{"@type":"PropertyValueSpecification","valueRequired":true,"valueName":"search_term_string"}}],"inLanguage":"nl-NL"},{"@type":"Organization","@id":"https:\/\/ralliementdesfourchettes.be\/nl\/#organization","name":"Le Ralliement des fourchettes","url":"https:\/\/ralliementdesfourchettes.be\/nl\/","logo":{"@type":"ImageObject","inLanguage":"nl-NL","@id":"https:\/\/ralliementdesfourchettes.be\/nl\/#\/schema\/logo\/image\/","url":"https:\/\/ralliementdesfourchettes.be\/wp-content\/uploads\/2024\/03\/RAFOU_LOGO_BLANC_NL_RVB-2.png","contentUrl":"https:\/\/ralliementdesfourchettes.be\/wp-content\/uploads\/2024\/03\/RAFOU_LOGO_BLANC_NL_RVB-2.png","width":901,"height":898,"caption":"Le Ralliement des fourchettes"},"image":{"@id":"https:\/\/ralliementdesfourchettes.be\/nl\/#\/schema\/logo\/image\/"}}]}},"taxonomy_info":[],"featured_image_src_large":false,"author_info":{"display_name":"medialab","author_link":"https:\/\/ralliementdesfourchettes.be\/nl\/author\/medialab\/"},"comment_info":0,"_links":{"self":[{"href":"https:\/\/ralliementdesfourchettes.be\/nl\/wp-json\/wp\/v2\/pages\/2768","targetHints":{"allow":["GET"]}}],"collection":[{"href":"https:\/\/ralliementdesfourchettes.be\/nl\/wp-json\/wp\/v2\/pages"}],"about":[{"href":"https:\/\/ralliementdesfourchettes.be\/nl\/wp-json\/wp\/v2\/types\/page"}],"author":[{"embeddable":true,"href":"https:\/\/ralliementdesfourchettes.be\/nl\/wp-json\/wp\/v2\/users\/1"}],"replies":[{"embeddable":true,"href":"https:\/\/ralliementdesfourchettes.be\/nl\/wp-json\/wp\/v2\/comments?post=2768"}],"version-history":[{"count":2,"href":"https:\/\/ralliementdesfourchettes.be\/nl\/wp-json\/wp\/v2\/pages\/2768\/revisions"}],"predecessor-version":[{"id":2771,"href":"https:\/\/ralliementdesfourchettes.be\/nl\/wp-json\/wp\/v2\/pages\/2768\/revisions\/2771"}],"wp:attachment":[{"href":"https:\/\/ralliementdesfourchettes.be\/nl\/wp-json\/wp\/v2\/media?parent=2768"}],"curies":[{"name":"wp","href":"https:\/\/api.w.org\/{rel}","templated":true}]}}